{"id":2,"date":"2024-08-23T11:18:40","date_gmt":"2024-08-23T11:18:40","guid":{"rendered":"http:\/\/baspa.pl\/?page_id=2"},"modified":"2024-08-26T13:22:31","modified_gmt":"2024-08-26T12:22:31","slug":"sample-page","status":"publish","type":"page","link":"https:\/\/baspa.pl\/?page_id=2","title":{"rendered":"dzia\u0142alno\u015b\u0107 \/ scope of activities"},"content":{"rendered":"<p><strong><\/strong><\/p>\n<p><strong>baspa consulting wsp\u00f3\u0142pracuje z wszystkimi uczestnikami rynku napraw powypadkowych, a w szczeg\u00f3lno\u015bci: z firmami ubezpieczeniowymi i leasingowymi, importerami poszczeg\u00f3lnych marek samochodowych, dilerami i grupami dilerskimi, niezale\u017cnymi warsztatami, importerami, dostawcami i dystrybutorami technologii, materia\u0142\u00f3w i narz\u0119dzi do napraw lakierniczych i\u00a0 blacharskich.<\/strong><\/p>\n<p><strong><\/strong><\/p>\n<p><strong>baspa consulting we wsp\u00f3\u0142pracy z wymienionymi wy\u017cej uczestnikami rynku wykonuje:<\/strong><\/p>\n<p><strong><\/strong><\/p>\n<ul class=\"wp-block-list\">\n<li><strong>strategie i aktywne programy wsparcia dla zwi\u0119kszenia udzia\u0142u w poszczeg\u00f3lnych segmentach rynku importer\u00f3w, dostawc\u00f3w i dystrybutor\u00f3w<\/strong><\/li>\n\n<li><strong>strategie rozwoju sieci naprawczych<\/strong><\/li>\n\n<li><strong>strategie i aktywne wsparcie wdra\u017cania nowych marek<\/strong><\/li>\n\n<li><strong>audyty techniczne i organizacyjne serwis\u00f3w blacharskich i lakierniczych<\/strong><\/li>\n\n<li><strong>projekty nowych serwis\u00f3w w po\u0142\u0105czeniu z kalkulacja zwrotu inwestycji<\/strong><\/li>\n\n<li><strong>projekty czerpi\u0105ce z synergii i specyfiki regionu Europy \u015arodkowo Wschodniej<\/strong><\/li>\n\n<li><strong>ekspertyzy fabrycznych i renowacyjnych pow\u0142ok lakierowych<\/strong><\/li>\n\n<li><strong>seminaria dla sieci warsztat\u00f3w z zakresu efektywnego zarz\u0105dzania<\/strong><\/li>\n<\/ul>\n<p><strong><\/strong><\/p>\n<p><strong>Ze wzgl\u0119du na specyfik\u0119 dzia\u0142alno\u015bci referencje obj\u0119te s\u0105 tajemnica handlow\u0105.<\/strong><\/p>\n<p><strong><\/strong><\/p>\n<figure class=\"wp-elements-f9042185a575ed3d46c78db04284b4f9\"><\/figure>\n<p><strong><\/strong><\/p><p><img decoding=\"async\" src=\"https:\/\/baspa.pl\/wp-content\/uploads\/2024\/08\/image.png\" alt=\"\" \/><\/p><p><em>baspa consulting partners are all stakeholders of accident management process including: insurers, leasing companies, car importers, car dealers, independent bodyshops, suppliers, distributors of tools equipment and materials for body and paint repairs.<\/em><\/p>\n<p>\u00a0<\/p>\n<p><em>baspa consulting scope of services:<\/em><\/p>\n<ul>\n<li><em>strategies and active support programs for of suppliers, importers, distributors<\/em><\/li>\n<li><em>strategies of repair networks<\/em><\/li>\n<li><em>strategies and active support of new vehicle refinish brands<\/em><\/li>\n<li><em>technical and process related bodyshops audits<\/em><\/li>\n<li><em>business cases and designs of new bodyshops<\/em><\/li>\n<li><em>projects based on regional Central and East Europe synergy<\/em><\/li>\n<li><em>OEM an refinish paint claims consultancy<\/em><\/li>\n<li><em>Effective bodyshop repair management seminars<\/em><\/li>\n<\/ul>\n<p>\u00a0<\/p>\n<p><em>References due to b2b relation are not shared.<\/em><\/p>","protected":false},"excerpt":{"rendered":"<p>baspa consulting wsp\u00f3\u0142pracuje z wszystkimi uczestnikami rynku napraw powypadkowych, a w szczeg\u00f3lno\u015bci: z firmami ubezpieczeniowymi i leasingowymi, importerami poszczeg\u00f3lnych marek samochodowych, dilerami i grupami dilerskimi, niezale\u017cnymi warsztatami, importerami, dostawcami i dystrybutorami technologii, materia\u0142\u00f3w i narz\u0119dzi do napraw lakierniczych i\u00a0 blacharskich. baspa consulting we wsp\u00f3\u0142pracy z wymienionymi wy\u017cej uczestnikami rynku wykonuje: Ze wzgl\u0119du na specyfik\u0119 dzia\u0142alno\u015bci [&hellip;]<\/p>\n","protected":false},"author":1,"featured_media":0,"parent":0,"menu_order":0,"comment_status":"closed","ping_status":"open","template":"","meta":{"footnotes":""},"class_list":["post-2","page","type-page","status-publish","hentry","entry"],"_links":{"self":[{"href":"https:\/\/baspa.pl\/index.php?rest_route=\/wp\/v2\/pages\/2","targetHints":{"allow":["GET"]}}],"collection":[{"href":"https:\/\/baspa.pl\/index.php?rest_route=\/wp\/v2\/pages"}],"about":[{"href":"https:\/\/baspa.pl\/index.php?rest_route=\/wp\/v2\/types\/page"}],"author":[{"embeddable":true,"href":"https:\/\/baspa.pl\/index.php?rest_route=\/wp\/v2\/users\/1"}],"replies":[{"embeddable":true,"href":"https:\/\/baspa.pl\/index.php?rest_route=%2Fwp%2Fv2%2Fcomments&post=2"}],"version-history":[{"count":18,"href":"https:\/\/baspa.pl\/index.php?rest_route=\/wp\/v2\/pages\/2\/revisions"}],"predecessor-version":[{"id":51,"href":"https:\/\/baspa.pl\/index.php?rest_route=\/wp\/v2\/pages\/2\/revisions\/51"}],"wp:attachment":[{"href":"https:\/\/baspa.pl\/index.php?rest_route=%2Fwp%2Fv2%2Fmedia&parent=2"}],"curies":[{"name":"wp","href":"https:\/\/api.w.org\/{rel}","templated":true}]}}