{"id":5,"date":"2024-08-23T13:00:39","date_gmt":"2024-08-23T12:00:39","guid":{"rendered":"https:\/\/baspa.pl\/?page_id=5"},"modified":"2024-09-08T13:25:56","modified_gmt":"2024-09-08T12:25:56","slug":"baspa-consulting","status":"publish","type":"page","link":"https:\/\/baspa.pl\/","title":{"rendered":"o firmie \/  about us"},"content":{"rendered":"\n<blockquote class=\"is-layout-flow wp-block-quote-is-layout-flow\">\n\n<p>let&#8217;s flow<\/p>\n\n<\/blockquote>\n\n\n\n<p>baspa consulting czerpie z ponad 35 lat do\u015bwiadcze\u0144 zawodowych, jej za\u0142o\u017cyciela Krzysztofa Podhorodeckiego,&nbsp; we wszystkich aspektach proces\u00f3w zachodz\u0105cych podczas likwidacji szk\u00f3d komunikacyjnych w Polsce i krajach Europy \u015arodkowo Wschodniej.<\/p>\n\n\n\n<p>Baspa, to nazwa rzeki wij\u0105cej si\u0119 przez stulecia na granicy Tybetu i Indii. Jej nurt utorowa\u0142 malownicz\u0105 dolin\u0119 w pot\u0119\u017cnych Himalajach.<\/p>\n\n\n\n<p>Tak jak rzeka, misj\u0105 baspa consulting jest pomoc w optymalnym i p\u0142ynnym wykorzystaniu i organizacji istniej\u0105cego potencja\u0142u sprz\u0119towego i ludzkiego na wszystkich poziomach procesu likwidacji szk\u00f3d komunikacyjnych. Zgodnie z przyj\u0119t\u0105 dewiz\u0105 &nbsp;&#8211; let\u2019s flow<\/p>\n\n\n\n<p>&nbsp;<\/p>\n\n\n<p><em>baspa consulting takes from over 35-years of professional experience\u00a0 its owner Krzysztof Podhorodecki. This includes various aspects of claim handling and vehicle repair process \u00a0in Poland and countries of Central and East Europe.<\/em><\/p>\n<p><em>Baspa\u00a0 is also name of the river and valley cutting its winding path through mighty Himalaya mountains in the border of India and Tibet.<\/em><\/p>\n<p><em><!-- \/wp:post-content -->\n\n<!-- wp:paragraph \/-->\n\n<!-- wp:paragraph --><\/em><\/p>\n<p><em>let\u2019s flow\u00a0 &#8211; baspa consulting mission statement &#8211; just like Baspa river, is to release, improve and\u00a0 optimize existing human and technical resources to obtain lean flow in all aspects of accident management and vehicle repair processes.<\/em><\/p>\n<p><style>\/*! elementor - v3.23.0 - 05-08-2024 *\/<br \/>\n.elementor-heading-title{padding:0;margin:0;line-height:1}.elementor-widget-heading .elementor-heading-title[class*=elementor-size-]>a{color:inherit;font-size:inherit;line-height:inherit}.elementor-widget-heading .elementor-heading-title.elementor-size-small{font-size:15px}.elementor-widget-heading .elementor-heading-title.elementor-size-medium{font-size:19px}.elementor-widget-heading .elementor-heading-title.elementor-size-large{font-size:29px}.elementor-widget-heading .elementor-heading-title.elementor-size-xl{font-size:39px}.elementor-widget-heading .elementor-heading-title.elementor-size-xxl{font-size:59px}<\/style><\/p>","protected":false},"excerpt":{"rendered":"<p>let&#8217;s flow baspa consulting czerpie z ponad 35 lat do\u015bwiadcze\u0144 zawodowych, jej za\u0142o\u017cyciela Krzysztofa Podhorodeckiego,&nbsp; we wszystkich aspektach proces\u00f3w zachodz\u0105cych podczas likwidacji szk\u00f3d komunikacyjnych w Polsce i krajach Europy \u015arodkowo Wschodniej. Baspa, to nazwa rzeki wij\u0105cej si\u0119 przez stulecia na granicy Tybetu i Indii. Jej nurt utorowa\u0142 malownicz\u0105 dolin\u0119 w pot\u0119\u017cnych Himalajach. Tak jak rzeka, [&hellip;]<\/p>\n","protected":false},"author":1,"featured_media":11,"parent":0,"menu_order":0,"comment_status":"closed","ping_status":"closed","template":"","meta":{"footnotes":""},"class_list":["post-5","page","type-page","status-publish","has-post-thumbnail","hentry","entry","has-media"],"_links":{"self":[{"href":"https:\/\/baspa.pl\/index.php?rest_route=\/wp\/v2\/pages\/5","targetHints":{"allow":["GET"]}}],"collection":[{"href":"https:\/\/baspa.pl\/index.php?rest_route=\/wp\/v2\/pages"}],"about":[{"href":"https:\/\/baspa.pl\/index.php?rest_route=\/wp\/v2\/types\/page"}],"author":[{"embeddable":true,"href":"https:\/\/baspa.pl\/index.php?rest_route=\/wp\/v2\/users\/1"}],"replies":[{"embeddable":true,"href":"https:\/\/baspa.pl\/index.php?rest_route=%2Fwp%2Fv2%2Fcomments&post=5"}],"version-history":[{"count":18,"href":"https:\/\/baspa.pl\/index.php?rest_route=\/wp\/v2\/pages\/5\/revisions"}],"predecessor-version":[{"id":71,"href":"https:\/\/baspa.pl\/index.php?rest_route=\/wp\/v2\/pages\/5\/revisions\/71"}],"wp:featuredmedia":[{"embeddable":true,"href":"https:\/\/baspa.pl\/index.php?rest_route=\/wp\/v2\/media\/11"}],"wp:attachment":[{"href":"https:\/\/baspa.pl\/index.php?rest_route=%2Fwp%2Fv2%2Fmedia&parent=5"}],"curies":[{"name":"wp","href":"https:\/\/api.w.org\/{rel}","templated":true}]}}