{"id":74,"date":"2026-01-05T14:56:36","date_gmt":"2026-01-05T13:56:36","guid":{"rendered":"http:\/\/baspa.pl\/?page_id=74"},"modified":"2026-01-05T16:24:03","modified_gmt":"2026-01-05T15:24:03","slug":"kategoryzacja-serwisow-blacharsko-lakierniczych","status":"publish","type":"page","link":"https:\/\/baspa.pl\/?page_id=74","title":{"rendered":"Kategoryzacja serwis\u00f3w blacharsko lakierniczych"},"content":{"rendered":"\n<p>Z prawnego punktu widzenia odpowiedzialno\u015b\u0107 za przywr\u00f3cenie stanu pojazdu po kolizji do jego kondycji sprzed szkody ponosi warsztat. Towarzystwo ubezpieczeniowe pokrywa koszt takiej naprawy. Serwis blacharsko lakierniczy musi stosowa\u0107 si\u0119 do czterech nast\u0119puj\u0105cych wymog\u00f3w stanowi\u0105cych filary bezpiecznej naprawy:<\/p>\n\n\n\n<ol class=\"wp-block-list\">\n<li>Mie\u0107 dost\u0119p i stosowa\u0107 si\u0119 do technologii naprawy opisanej przez producenta pojazdu.<\/li>\n\n\n\n<li>Stosowa\u0107 oryginalne cz\u0119\u015bci zamienne posiadaj\u0105ce te same parametry wytrzyma\u0142o\u015bciowe i jako\u015bciowe.<\/li>\n\n\n\n<li>Stosowa\u0107 narz\u0119dzia spe\u0142niaj\u0105ce wymagania techniczne okre\u015blone przez producenta pojazdu.<\/li>\n\n\n\n<li>Pracownicy serwisu przechodz\u0105 regularne szkolenia z zakresu technologii napraw nadwozi dla danej marki pojazdu.<\/li>\n<\/ol>\n\n\n\n<figure class=\"wp-block-image size-full is-resized\"><img loading=\"lazy\" decoding=\"async\" width=\"534\" height=\"195\" src=\"http:\/\/baspa.pl\/wp-content\/uploads\/2026\/01\/image-1.png\" alt=\"\" class=\"wp-image-76\" style=\"aspect-ratio:2.738700187215833;width:244px;height:auto\" srcset=\"https:\/\/baspa.pl\/wp-content\/uploads\/2026\/01\/image-1.png 534w, https:\/\/baspa.pl\/wp-content\/uploads\/2026\/01\/image-1-300x110.png 300w\" sizes=\"auto, (max-width: 534px) 100vw, 534px\" \/><figcaption class=\"wp-element-caption\">WYMAGANIA POZIOM TRZY GWIAZDKI<\/figcaption><\/figure>\n\n\n\n<p>Wymagania og\u00f3lne: spe\u0142nione wszystkie wymagania dla prowadzenia dzia\u0142alno\u015bci: Ubezpieczenie OC , BHP i ryzyko zawodowe, ppo\u017c., BDO, UDT, pierwsza pomoc<\/p>\n\n\n\n<p>Blacharnia:<\/p>\n\n\n\n<p>Serwis ma po\u015bredni dost\u0119p (pliki pdf) do technologii napraw producenta.<\/p>\n\n\n\n<p>Serwis posiada ram\u0119 naprawcz\u0105 i&nbsp; statyczny system pomiarowy (cyrkiel)<\/p>\n\n\n\n<p>Wszystkie wymagane przez producenta pojazd\u00f3w metody \u0142\u0105cze\u0144 maj\u0105 odpowiednie i sprawne narz\u0119dzia.<\/p>\n\n\n\n<p>Zgrzewarka ma minimalne parametry 12,5 kA i 450daN<\/p>\n\n\n\n<p>Regularny proces szkolenia pracownik\u00f3w blacharni w zakresie nowych konstrukcji.<\/p>\n\n\n\n<p>Lakiernia:<\/p>\n\n\n\n<p>Kabina lakiernicza min 4x7x2,7m z pr\u0119dko\u015bci\u0105 przep\u0142ywu w fazie lakierowania 0,25m\/s i o\u015bwietleniem min 1000 lux.<\/p>\n\n\n\n<p>Kompletna i zgodna z wymaganiami LZO linia materia\u0142\u00f3w lakierniczych. Weryfikacja zu\u017cycia poszczeg\u00f3lnych produkt\u00f3w z liczb\u0105 napraw. Certyfikat dostawcy materia\u0142\u00f3w lakierniczych.<\/p>\n\n\n\n<p>Kompletna procedura segregacji i utylizacji odpad\u00f3w.<\/p>\n\n\n\n<p>Regularny proces szkolenia pracownik\u00f3w lakierni w zakresie nowych technologii.<\/p>\n\n\n\n<div class=\"wp-block-group\"><div class=\"wp-block-group__inner-container is-layout-constrained wp-block-group-is-layout-constrained\">\n<figure class=\"wp-block-image size-full is-resized\"><img loading=\"lazy\" decoding=\"async\" width=\"674\" height=\"262\" src=\"http:\/\/baspa.pl\/wp-content\/uploads\/2026\/01\/image-7.png\" alt=\"\" class=\"wp-image-82\" style=\"aspect-ratio:2.5726204019719376;width:453px;height:auto\" srcset=\"https:\/\/baspa.pl\/wp-content\/uploads\/2026\/01\/image-7.png 674w, https:\/\/baspa.pl\/wp-content\/uploads\/2026\/01\/image-7-300x117.png 300w\" sizes=\"auto, (max-width: 674px) 100vw, 674px\" \/><figcaption class=\"wp-element-caption\">WYMAGANIA POZIOM CZTERY  GWIAZDKI<\/figcaption><\/figure>\n<\/div><\/div>\n\n\n\n<p>Wymagania og\u00f3lne: jak dla serwisu trzy gwiazdkowego i ponadto BMS (program zarz\u0105dzaj\u0105cy planowaniem i procesami w serwisie)<\/p>\n\n\n\n<p>Blacharnia:<\/p>\n\n\n\n<p>Serwis ma pe\u0142ny dost\u0119p do technologii napraw producenta.<\/p>\n\n\n\n<p>Serwis posiada ram\u0119 naprawcz\u0105 i kompletny i aktualny system pomiarowy (dopuszczalny cyrkiel elektroniczny umo\u017cliwiaj\u0105cy wydruk wyniku pomiaru)<\/p>\n\n\n\n<p>Wszystkie wymagane przez producenta pojazd\u00f3w metody \u0142\u0105cze\u0144 maj\u0105 odpowiednie i sprawne narz\u0119dzia w tym nitownica.<\/p>\n\n\n\n<p>Zgrzewarka ma minimalne parametry 14,5 kA i 500daN&nbsp; umo\u017cliwiaj\u0105ca wydruk raportu z jako\u015bci wykonanych zgrzew\u00f3w.<\/p>\n\n\n\n<p>Regularny proces szkolenia pracownik\u00f3w blacharni w zakresie nowych konstrukcji.<\/p>\n\n\n\n<p>Lakiernia dodatkowo do serwisu 3 gwiazdkowego:<\/p>\n\n\n\n<p>Kabina lakiernicza min 4x7x2,7m z pr\u0119dko\u015bci\u0105 przep\u0142ywu w fazie lakierowania 0,25m\/s i o\u015bwietleniem min 1000 lux. Do okazania grafik serwisowania za ostatnie 12 miesi\u0119cy.<\/p>\n\n\n\n<p>Co najmniej jedna podw\u00f3jna strefa przygotowawcza z wymuszonym przep\u0142ywem powietrza oddzielona kurtynami.<\/p>\n\n\n\n<figure class=\"wp-block-image size-full is-resized\"><img loading=\"lazy\" decoding=\"async\" width=\"563\" height=\"562\" src=\"http:\/\/baspa.pl\/wp-content\/uploads\/2026\/01\/image-8.png\" alt=\"\" class=\"wp-image-83\" style=\"aspect-ratio:1.0017969093159764;width:333px;height:auto\" srcset=\"https:\/\/baspa.pl\/wp-content\/uploads\/2026\/01\/image-8.png 563w, https:\/\/baspa.pl\/wp-content\/uploads\/2026\/01\/image-8-300x300.png 300w, https:\/\/baspa.pl\/wp-content\/uploads\/2026\/01\/image-8-150x150.png 150w\" sizes=\"auto, (max-width: 563px) 100vw, 563px\" \/><figcaption class=\"wp-element-caption\">WYMAGANIA POZIOM PI\u0118\u0106  GWIAZDEK<\/figcaption><\/figure>\n\n\n\n<p>Wymagania og\u00f3lne: Jak dla serwisu czterogwiazdkowego i ponadto.<\/p>\n\n\n\n<p>Blacharnia:<\/p>\n\n\n\n<p>Serwis ma pe\u0142ny dost\u0119p do technologii napraw producenta.<\/p>\n\n\n\n<p>Serwis posiada ram\u0119 naprawcz\u0105 i kompletny i aktualny system pomiarowy&nbsp; do pomiar\u00f3w dynamicznych z wydrukiem kart pomiarowych.<\/p>\n\n\n\n<p>Wszystkie wymagane przez producenta pojazd\u00f3w metody \u0142\u0105cze\u0144 maj\u0105 odpowiednie i sprawne narz\u0119dzia w tym nitownica.<\/p>\n\n\n\n<p>Stanowisko do klejenia klejami 2K z pomiarem wilgotno\u015bci powietrza i odci\u0105giem opar\u00f3w.<\/p>\n\n\n\n<p>Zgrzewarka ma minimalne parametry 14,5 kA i 550daN&nbsp;&nbsp; umo\u017cliwiaj\u0105ca wydruk raportu z jako\u015bci wykonanych zgrzew\u00f3w.<\/p>\n\n\n\n<p>Regularny proces szkolenia pracownik\u00f3w blacharni w zakresie nowych konstrukcji.<\/p>\n\n\n\n<p>Lakiernia dodatkowo:<\/p>\n\n\n\n<p>Kabina lakiernicza min 4x7x2,8m z pr\u0119dko\u015bci\u0105 przep\u0142ywu w fazie lakierowania 0,25m\/s i o\u015bwietleniem min 1000 lux. Do okazania grafik serwisowania za ostatnie 12 miesi\u0119cy.<\/p>\n\n\n\n<p>Co najmniej dwie podw\u00f3jne strefy przygotowawcze z wymuszonym przep\u0142ywem powietrza z g\u00f3ry na d\u00f3\u0142 oddzielona kurtynami z o\u015bwietleniem min 900 lux.<\/p>\n\n\n\n<figure class=\"wp-block-image size-full is-resized\"><img loading=\"lazy\" decoding=\"async\" width=\"534\" height=\"196\" src=\"http:\/\/baspa.pl\/wp-content\/uploads\/2026\/01\/image-9.png\" alt=\"\" class=\"wp-image-84\" style=\"aspect-ratio:2.7245537867824408;width:278px;height:auto\" srcset=\"https:\/\/baspa.pl\/wp-content\/uploads\/2026\/01\/image-9.png 534w, https:\/\/baspa.pl\/wp-content\/uploads\/2026\/01\/image-9-300x110.png 300w\" sizes=\"auto, (max-width: 534px) 100vw, 534px\" \/><\/figure>\n\n\n\n<figure class=\"wp-block-image size-full is-resized\"><img loading=\"lazy\" decoding=\"async\" width=\"534\" height=\"196\" src=\"http:\/\/baspa.pl\/wp-content\/uploads\/2026\/01\/image-10.png\" alt=\"\" class=\"wp-image-85\" style=\"aspect-ratio:2.724566967553062;width:272px;height:auto\" srcset=\"https:\/\/baspa.pl\/wp-content\/uploads\/2026\/01\/image-10.png 534w, https:\/\/baspa.pl\/wp-content\/uploads\/2026\/01\/image-10-300x110.png 300w\" sizes=\"auto, (max-width: 534px) 100vw, 534px\" \/><figcaption class=\"wp-element-caption\">WYMAGANIA POZIOM SZE\u015a\u0106  GWIAZDEK<\/figcaption><\/figure>\n\n\n\n<p>Wymagania og\u00f3lne: jak dla serwisu pi\u0119ciogwiazdkowego &nbsp;i ponadto:<\/p>\n\n\n\n<p>Blacharnia:<\/p>\n\n\n\n<p>Serwis ma pe\u0142ny dost\u0119p do technologii napraw producenta.<\/p>\n\n\n\n<p>Serwis posiada dedykowane stanowisko naprawcze dla nadwozi multimateria\u0142owych z kompletem osobnych narz\u0119dzi,<\/p>\n\n\n\n<p>Serwis posiada ram\u0119 naprawcz\u0105 i kompletny i aktualny system pomiarowy do pomiar\u00f3w dynamicznych z wydrukiem kart pomiarowych.<\/p>\n\n\n\n<p>Stanowisko przyj\u0119cia pojazdu do naprawy z podno\u015bnikiem dwus\u0142upowym i elektronicznym cyrklem pomiarowym umo\u017cliwiaj\u0105cym wydruk z pomiaru.<\/p>\n\n\n\n<p>Wszystkie wymagane przez producenta pojazd\u00f3w metody \u0142\u0105cze\u0144 maj\u0105 odpowiednie i sprawne narz\u0119dzia w tym nitownica.<\/p>\n\n\n\n<p>Zgrzewarka ma minimalne parametry 14,5 kA i 550daN umo\u017cliwiaj\u0105ca wydruk raportu z jako\u015bci wykonanych zgrzew\u00f3w.<\/p>\n\n\n\n<p>Regularny udokumentowany certyfikatami proces szkolenia pracownik\u00f3w blacharni w zakresie nowych konstrukcji.<\/p>\n\n\n\n<p>Lakiernia:<\/p>\n\n\n\n<p>Minimum jedna kabina lakiernicza min 4x7x2,8m z pr\u0119dko\u015bci\u0105 przep\u0142ywu w fazie lakierowania 0,3m\/s i o\u015bwietleniem min 1000 lux<\/p>\n\n\n\n<p>Co najmniej dwie podw\u00f3jne strefy przygotowawcze z wymuszonym przep\u0142ywem powietrza oddzielone kurtynami.<\/p>\n\n\n\n<p class=\"has-pale-cyan-blue-background-color has-background has-large-font-size\">Etap I: Kalibracja <\/p>\n\n\n\n<p style=\"font-size:33px\">W okresie stycze\u0144 &#8211; marzec 2026 przeprowadzane zostan\u0105 audyty kalibracyjne na reprezentatywnej grupie 50 serwis\u00f3w blacharsko lakierniczych posiadaj\u0105cych autoryzacj\u0119  oraz  serwisy niezale\u017cne. W kwietniu wyniki tych audyt\u00f3w zostan\u0105 om\u00f3wione w kolejnym artykule w magazynie Lakiernik. <\/p>\n\n\n\n<p style=\"font-size:33px\">Zach\u0119camy do zg\u0142osze\u0144 na adres mailowy: k.podhorodecki@baspa.pl<\/p>\n\n\n\n<p><\/p>\n","protected":false},"excerpt":{"rendered":"<p>Z prawnego punktu widzenia odpowiedzialno\u015b\u0107 za przywr\u00f3cenie stanu pojazdu po kolizji do jego kondycji sprzed szkody ponosi warsztat. Towarzystwo ubezpieczeniowe pokrywa koszt takiej naprawy. Serwis blacharsko lakierniczy musi stosowa\u0107 si\u0119 do czterech nast\u0119puj\u0105cych wymog\u00f3w stanowi\u0105cych filary bezpiecznej naprawy: Wymagania og\u00f3lne: spe\u0142nione wszystkie wymagania dla prowadzenia dzia\u0142alno\u015bci: Ubezpieczenie OC , BHP i ryzyko zawodowe, ppo\u017c., BDO, [&hellip;]<\/p>\n","protected":false},"author":1,"featured_media":0,"parent":0,"menu_order":3,"comment_status":"closed","ping_status":"closed","template":"","meta":{"footnotes":""},"class_list":["post-74","page","type-page","status-publish","hentry","entry"],"_links":{"self":[{"href":"https:\/\/baspa.pl\/index.php?rest_route=\/wp\/v2\/pages\/74","targetHints":{"allow":["GET"]}}],"collection":[{"href":"https:\/\/baspa.pl\/index.php?rest_route=\/wp\/v2\/pages"}],"about":[{"href":"https:\/\/baspa.pl\/index.php?rest_route=\/wp\/v2\/types\/page"}],"author":[{"embeddable":true,"href":"https:\/\/baspa.pl\/index.php?rest_route=\/wp\/v2\/users\/1"}],"replies":[{"embeddable":true,"href":"https:\/\/baspa.pl\/index.php?rest_route=%2Fwp%2Fv2%2Fcomments&post=74"}],"version-history":[{"count":2,"href":"https:\/\/baspa.pl\/index.php?rest_route=\/wp\/v2\/pages\/74\/revisions"}],"predecessor-version":[{"id":92,"href":"https:\/\/baspa.pl\/index.php?rest_route=\/wp\/v2\/pages\/74\/revisions\/92"}],"wp:attachment":[{"href":"https:\/\/baspa.pl\/index.php?rest_route=%2Fwp%2Fv2%2Fmedia&parent=74"}],"curies":[{"name":"wp","href":"https:\/\/api.w.org\/{rel}","templated":true}]}}